{"id":3174,"date":"2025-11-26T21:15:13","date_gmt":"2025-11-26T20:15:13","guid":{"rendered":"https:\/\/www.cristinabelgiojoso.it\/wp\/?page_id=3174"},"modified":"2025-11-26T21:28:25","modified_gmt":"2025-11-26T20:28:25","slug":"cronologia","status":"publish","type":"page","link":"https:\/\/www.cristinabelgiojoso.it\/wp\/cronologia\/","title":{"rendered":"Cronologia"},"content":{"rendered":"<p>In questa pagina troverete una cronologia comprendente tutti i testi associati ad una data precisa. Troverete i suoi diari, le sue lettere, i suoi articoli. Sar\u00e0 una raccolta molto lunga e dettagliata, che porter\u00e0 via tempo. Per adesso trovate il periodo turco, ovvero dal 1850 al 1855. Comprende il diario personale mai pubblicato e le lettere inviate al New York Daily Tribune. Ovviamente il taglio \u00e8 molto diverso: Il diario \u00e8 una serie di note personali mentre le lettere americane erano gi\u00e0 state concepite per la pubblicazione.<\/p>\n<p>A poco a poco aggiunger\u00f2 anche le lettere inviate a Thierry, a Mignet e ad altri corrispondenti.<\/p>\n<p>Nella tabella vedrete un campo categoria :<\/p>\n<ul>\n<li>&#8220;esule&#8221; si riferisce agli articoli pubblicati sun New York Daily Tribune<\/li>\n<li>&#8220;diario turco &#8211; prima parte&#8221; si riferisce al diario personale, nel periodo dalla partenza da Costantinopoli all&#8217;arrivo ed i primi giorni nel possedimento di Ciaq Maq Oglo\u00f9.<\/li>\n<li>&#8220;carteggi&#8221; si riferisce alle lettere ( solitamente inviate) di Cristina.<\/li>\n<\/ul>\n<p><a href=\"https:\/\/www.cristinabelgiojoso.it\/wp\/periodo-turco\/\">1\/1\/1850 &#8211; 31\/12\/1855 : Periodo turco\u00a0\u00a0<\/a><\/p>\n","protected":false},"excerpt":{"rendered":"<p>In questa pagina troverete una cronologia comprendente tutti i testi associati ad una data precisa. Troverete i suoi diari, le sue lettere, i suoi articoli. Sar\u00e0 una raccolta molto lunga e dettagliata, che porter\u00e0 via tempo. Per adesso trovate il periodo turco, ovvero dal 1850 al 1855. Comprende il diario personale mai pubblicato e le lettere inviate al New York&#8230;<\/p>\n","protected":false},"author":1,"featured_media":0,"parent":0,"menu_order":0,"comment_status":"closed","ping_status":"closed","template":"","meta":{"_monsterinsights_skip_tracking":false,"_monsterinsights_sitenote_active":false,"_monsterinsights_sitenote_note":"","_monsterinsights_sitenote_category":0,"cybocfi_hide_featured_image":"","footnotes":""},"_links":{"self":[{"href":"https:\/\/www.cristinabelgiojoso.it\/wp\/wp-json\/wp\/v2\/pages\/3174"}],"collection":[{"href":"https:\/\/www.cristinabelgiojoso.it\/wp\/wp-json\/wp\/v2\/pages"}],"about":[{"href":"https:\/\/www.cristinabelgiojoso.it\/wp\/wp-json\/wp\/v2\/types\/page"}],"author":[{"embeddable":true,"href":"https:\/\/www.cristinabelgiojoso.it\/wp\/wp-json\/wp\/v2\/users\/1"}],"replies":[{"embeddable":true,"href":"https:\/\/www.cristinabelgiojoso.it\/wp\/wp-json\/wp\/v2\/comments?post=3174"}],"version-history":[{"count":6,"href":"https:\/\/www.cristinabelgiojoso.it\/wp\/wp-json\/wp\/v2\/pages\/3174\/revisions"}],"predecessor-version":[{"id":3184,"href":"https:\/\/www.cristinabelgiojoso.it\/wp\/wp-json\/wp\/v2\/pages\/3174\/revisions\/3184"}],"wp:attachment":[{"href":"https:\/\/www.cristinabelgiojoso.it\/wp\/wp-json\/wp\/v2\/media?parent=3174"}],"curies":[{"name":"wp","href":"https:\/\/api.w.org\/{rel}","templated":true}]}}